{"id":3584,"date":"2017-11-29T00:06:36","date_gmt":"2017-11-28T21:06:36","guid":{"rendered":"http:\/\/www.ucicmimarlik.com\/?page_id=3584"},"modified":"2023-03-07T01:52:16","modified_gmt":"2023-03-06T22:52:16","slug":"cozum-ortaklarimiz","status":"publish","type":"page","link":"https:\/\/www.ucicmimarlik.com\/ar\/cozum-ortaklarimiz\/","title":{"rendered":"\u00c7\u00f6z\u00fcm Ortaklar\u0131m\u0131z"},"content":{"rendered":"<p>[vc_row][vc_column][vc_column_text]<\/p>\n<h1>Sizide Aram\u0131zda G\u00f6rmekten Mutluluk Duyar\u0131z<\/h1>\n<p>[\/vc_column_text][\/vc_column][\/vc_row][vc_row css=&#8221;.vc_custom_1526823917008{padding-top: 20px !important;}&#8221;][vc_column][vc_column_text]<\/p>\n<div class=\"rbs_shortcode\"><style type=\"text\/css\" scoped>.rbs_gallery_69f434ece66a8Spinner{\r\n\t\t\t\tmargin: 50px auto;\r\n\t\t\t\twidth: 50px;\r\n\t\t\t\theight: 40px;\r\n\t\t\t\ttext-align: center;\r\n\t\t\t\tfont-size: 10px;\r\n\t\t\t}\r\n\t\t\t.rbs_gallery_69f434ece66a8Spinner > div{\r\n\t\t\t  background-color: #333;\r\n\t\t\t  height: 100%;\r\n\t\t\t  width: 6px;\r\n\t\t\t  display: inline-block;\r\n\t\t\t  -webkit-animation: rbs_gallery_69f434ece66a8-stretchdelay 1.2s infinite ease-in-out;\r\n\t\t\t  animation: rbs_gallery_69f434ece66a8-stretchdelay 1.2s infinite ease-in-out;\r\n\t\t\t}\r\n\t\t\t.rbs_gallery_69f434ece66a8Spinner .rbs_gallery_69f434ece66a8Rect2 {\r\n\t\t\t  -webkit-animation-delay: -1.1s;\r\n\t\t\t  animation-delay: -1.1s;\r\n\t\t\t}\r\n\t\t\t.rbs_gallery_69f434ece66a8Spinner .rbs_gallery_69f434ece66a8Rect3 {\r\n\t\t\t  -webkit-animation-delay: -1.0s;\r\n\t\t\t  animation-delay: -1.0s;\r\n\t\t\t}\r\n\t\t\t.rbs_gallery_69f434ece66a8Spinner .rbs_gallery_69f434ece66a8Rect4 {\r\n\t\t\t  -webkit-animation-delay: -0.9s;\r\n\t\t\t  animation-delay: -0.9s;\r\n\t\t\t}\r\n\t\t\t.rbs_gallery_69f434ece66a8Spinner .rbs_gallery_69f434ece66a8Rect5 {\r\n\t\t\t  -webkit-animation-delay: -0.8s;\r\n\t\t\t  animation-delay: -0.8s;\r\n\t\t\t}\r\n\t\t\t@-webkit-keyframes rbs_gallery_69f434ece66a8-stretchdelay {\r\n\t\t\t  0%, 40%, 100% { -webkit-transform: scaleY(0.4) }  \r\n\t\t\t  20% { -webkit-transform: scaleY(1.0) }\r\n\t\t\t}\r\n\t\t\t@keyframes rbs_gallery_69f434ece66a8-stretchdelay {\r\n\t\t\t  0%, 40%, 100% { \r\n\t\t\t    transform: scaleY(0.4);\r\n\t\t\t    -webkit-transform: scaleY(0.4);\r\n\t\t\t  }  20% { \r\n\t\t\t    transform: scaleY(1.0);\r\n\t\t\t    -webkit-transform: scaleY(1.0);\r\n\t\t\t  }\r\n\t\t\t}\r\n\t\t<\/style><div class=\"robo-gallery-wrap robo-gallery-wrap-id3613 robo-gallery-\" ><div id=\"rbs_gallery_69f434ece66a8-block-loader\" class=\"rbs_gallery_69f434ece66a8Spinner\"><div class=\"rbs_gallery_69f434ece66a8Rect1\"><\/div> <div class=\"rbs_gallery_69f434ece66a8Rect2\"><\/div> <div class=\"rbs_gallery_69f434ece66a8Rect3\"><\/div> <div class=\"rbs_gallery_69f434ece66a8Rect4\"><\/div> <div class=\"rbs_gallery_69f434ece66a8Rect5\"><\/div><\/div><div id=\"robo_gallery_main_block_rbs_gallery_69f434ece66a8\" class=\"robogallery-gallery-3613\" style=\"width:100%;  display: none;\"><div id=\"rbs_gallery_69f434ece66a8\" data-options=\"rbs_gallery_69f434ece66a8\" style=\"width:100%;\" class=\"robo_gallery  \"><div class=\"rbs-img  category3613 \" ><div class=\"rbs-img-image   rbs-lightbox \" ><div class=\"rbs-img-thumbs\"  data-thumbnail=\"https:\/\/www.ucicmimarlik.com\/wp-content\/uploads\/2018\/05\/11.jpg\"  title=\"11\"  data-width=\"254\"  data-height=\"253\" ><\/div><div class=\"rbs-img-data-popup\"  data-popup=\"https:\/\/www.ucicmimarlik.com\/wp-content\/uploads\/2018\/05\/11.jpg\"  title=\"11\" ><\/div><div class=\"thumbnail-overlay\"><\/div><\/div><\/div><div class=\"rbs-img  category3613 \" ><div class=\"rbs-img-image   rbs-lightbox \" ><div class=\"rbs-img-thumbs\"  data-thumbnail=\"https:\/\/www.ucicmimarlik.com\/wp-content\/uploads\/2018\/05\/i\u00e7-mimar-\u00c7\u00f6z\u00fcm-ortag\u0131.jpg\"  title=\"i\u00e7 mimar \u00c7\u00f6z\u00fcm ortag\u0131\"  data-width=\"254\"  data-height=\"253\" ><\/div><div class=\"rbs-img-data-popup\"  data-popup=\"https:\/\/www.ucicmimarlik.com\/wp-content\/uploads\/2018\/05\/i\u00e7-mimar-\u00c7\u00f6z\u00fcm-ortag\u0131.jpg\"  title=\"i\u00e7 mimar \u00c7\u00f6z\u00fcm ortag\u0131\" ><\/div><div class=\"thumbnail-overlay\"><\/div><\/div><\/div><div class=\"rbs-img  category3613 \" ><div class=\"rbs-img-image   rbs-lightbox \" ><div class=\"rbs-img-thumbs\"  data-thumbnail=\"https:\/\/www.ucicmimarlik.com\/wp-content\/uploads\/2018\/05\/i\u00e7-mimar-\u00c7\u00f6z\u00fcm-ortag\u01312.jpg\"  title=\"i\u00e7 mimar \u00c7\u00f6z\u00fcm ortag\u01312\"  data-width=\"254\"  data-height=\"253\" ><\/div><div class=\"rbs-img-data-popup\"  data-popup=\"https:\/\/www.ucicmimarlik.com\/wp-content\/uploads\/2018\/05\/i\u00e7-mimar-\u00c7\u00f6z\u00fcm-ortag\u01312.jpg\"  title=\"i\u00e7 mimar \u00c7\u00f6z\u00fcm ortag\u01312\" ><\/div><div class=\"thumbnail-overlay\"><\/div><\/div><\/div><div class=\"rbs-img  category3613 \" ><div class=\"rbs-img-image   rbs-lightbox \" ><div class=\"rbs-img-thumbs\"  data-thumbnail=\"https:\/\/www.ucicmimarlik.com\/wp-content\/uploads\/2018\/05\/i\u00e7-mimar-\u00c7\u00f6z\u00fcm-ortag\u01311.jpg\"  title=\"i\u00e7 mimar \u00c7\u00f6z\u00fcm ortag\u01311\"  data-width=\"254\"  data-height=\"253\" ><\/div><div class=\"rbs-img-data-popup\"  data-popup=\"https:\/\/www.ucicmimarlik.com\/wp-content\/uploads\/2018\/05\/i\u00e7-mimar-\u00c7\u00f6z\u00fcm-ortag\u01311.jpg\"  title=\"i\u00e7 mimar \u00c7\u00f6z\u00fcm ortag\u01311\" ><\/div><div class=\"thumbnail-overlay\"><\/div><\/div><\/div><div class=\"rbs-img  category3613 \" ><div class=\"rbs-img-image   rbs-lightbox \" ><div class=\"rbs-img-thumbs\"  data-thumbnail=\"https:\/\/www.ucicmimarlik.com\/wp-content\/uploads\/2018\/05\/i\u00e7-mimar-\u00c7\u00f6z\u00fcm-ortag\u01313.jpg\"  title=\"i\u00e7 mimar \u00c7\u00f6z\u00fcm ortag\u01313\"  data-width=\"254\"  data-height=\"253\" ><\/div><div class=\"rbs-img-data-popup\"  data-popup=\"https:\/\/www.ucicmimarlik.com\/wp-content\/uploads\/2018\/05\/i\u00e7-mimar-\u00c7\u00f6z\u00fcm-ortag\u01313.jpg\"  title=\"i\u00e7 mimar \u00c7\u00f6z\u00fcm ortag\u01313\" ><\/div><div class=\"thumbnail-overlay\"><\/div><\/div><\/div><div class=\"rbs-img  category3613 \" ><div class=\"rbs-img-image   rbs-lightbox \" ><div class=\"rbs-img-thumbs\"  data-thumbnail=\"https:\/\/www.ucicmimarlik.com\/wp-content\/uploads\/2018\/05\/i\u00e7-mimar-\u00c7\u00f6z\u00fcm-ortag\u01314.jpg\"  title=\"i\u00e7 mimar \u00c7\u00f6z\u00fcm ortag\u01314\"  data-width=\"254\"  data-height=\"253\" ><\/div><div class=\"rbs-img-data-popup\"  data-popup=\"https:\/\/www.ucicmimarlik.com\/wp-content\/uploads\/2018\/05\/i\u00e7-mimar-\u00c7\u00f6z\u00fcm-ortag\u01314.jpg\"  title=\"i\u00e7 mimar \u00c7\u00f6z\u00fcm ortag\u01314\" ><\/div><div class=\"thumbnail-overlay\"><\/div><\/div><\/div><div class=\"rbs-img  category3613 \" ><div class=\"rbs-img-image   rbs-lightbox \" ><div class=\"rbs-img-thumbs\"  data-thumbnail=\"https:\/\/www.ucicmimarlik.com\/wp-content\/uploads\/2018\/05\/i\u00e7-mimar-\u00c7\u00f6z\u00fcm-ortag\u01315.jpg\"  title=\"i\u00e7 mimar \u00c7\u00f6z\u00fcm ortag\u01315\"  data-width=\"254\"  data-height=\"253\" ><\/div><div class=\"rbs-img-data-popup\"  data-popup=\"https:\/\/www.ucicmimarlik.com\/wp-content\/uploads\/2018\/05\/i\u00e7-mimar-\u00c7\u00f6z\u00fcm-ortag\u01315.jpg\"  title=\"i\u00e7 mimar \u00c7\u00f6z\u00fcm ortag\u01315\" ><\/div><div class=\"thumbnail-overlay\"><\/div><\/div><\/div><div class=\"rbs-img  category3613 \" ><div class=\"rbs-img-image   rbs-lightbox \" ><div class=\"rbs-img-thumbs\"  data-thumbnail=\"https:\/\/www.ucicmimarlik.com\/wp-content\/uploads\/2018\/05\/i\u00e7-mimar-\u00c7\u00f6z\u00fcm-ortag\u01316.jpg\"  title=\"i\u00e7 mimar \u00c7\u00f6z\u00fcm ortag\u01316\"  data-width=\"254\"  data-height=\"253\" ><\/div><div class=\"rbs-img-data-popup\"  data-popup=\"https:\/\/www.ucicmimarlik.com\/wp-content\/uploads\/2018\/05\/i\u00e7-mimar-\u00c7\u00f6z\u00fcm-ortag\u01316.jpg\"  title=\"i\u00e7 mimar \u00c7\u00f6z\u00fcm ortag\u01316\" ><\/div><div class=\"thumbnail-overlay\"><\/div><\/div><\/div><div class=\"rbs-img  category3613 \" ><div class=\"rbs-img-image   rbs-lightbox \" ><div class=\"rbs-img-thumbs\"  data-thumbnail=\"https:\/\/www.ucicmimarlik.com\/wp-content\/uploads\/2018\/05\/i\u00e7-mimar-\u00c7\u00f6z\u00fcm-ortag\u01317.jpg\"  title=\"i\u00e7 mimar \u00c7\u00f6z\u00fcm ortag\u01317\"  data-width=\"254\"  data-height=\"253\" ><\/div><div class=\"rbs-img-data-popup\"  data-popup=\"https:\/\/www.ucicmimarlik.com\/wp-content\/uploads\/2018\/05\/i\u00e7-mimar-\u00c7\u00f6z\u00fcm-ortag\u01317.jpg\"  title=\"i\u00e7 mimar \u00c7\u00f6z\u00fcm ortag\u01317\" ><\/div><div class=\"thumbnail-overlay\"><\/div><\/div><\/div><div class=\"rbs-img  category3613 \" ><div class=\"rbs-img-image   rbs-lightbox \" ><div class=\"rbs-img-thumbs\"  data-thumbnail=\"https:\/\/www.ucicmimarlik.com\/wp-content\/uploads\/2018\/05\/i\u00e7-mimar-\u00c7\u00f6z\u00fcm-ortag\u01318.jpg\"  title=\"i\u00e7 mimar \u00c7\u00f6z\u00fcm ortag\u01318\"  data-width=\"254\"  data-height=\"253\" ><\/div><div class=\"rbs-img-data-popup\"  data-popup=\"https:\/\/www.ucicmimarlik.com\/wp-content\/uploads\/2018\/05\/i\u00e7-mimar-\u00c7\u00f6z\u00fcm-ortag\u01318.jpg\"  title=\"i\u00e7 mimar \u00c7\u00f6z\u00fcm ortag\u01318\" ><\/div><div class=\"thumbnail-overlay\"><\/div><\/div><\/div><div class=\"rbs-img  category3613 \" ><div class=\"rbs-img-image   rbs-lightbox \" ><div class=\"rbs-img-thumbs\"  data-thumbnail=\"https:\/\/www.ucicmimarlik.com\/wp-content\/uploads\/2018\/05\/i\u00e7-mimar-\u00c7\u00f6z\u00fcm-ortag\u01319.jpg\"  title=\"i\u00e7 mimar \u00c7\u00f6z\u00fcm ortag\u01319\"  data-width=\"254\"  data-height=\"253\" ><\/div><div class=\"rbs-img-data-popup\"  data-popup=\"https:\/\/www.ucicmimarlik.com\/wp-content\/uploads\/2018\/05\/i\u00e7-mimar-\u00c7\u00f6z\u00fcm-ortag\u01319.jpg\"  title=\"i\u00e7 mimar \u00c7\u00f6z\u00fcm ortag\u01319\" ><\/div><div class=\"thumbnail-overlay\"><\/div><\/div><\/div><div class=\"rbs-img  category3613 \" ><div class=\"rbs-img-image   rbs-lightbox \" ><div class=\"rbs-img-thumbs\"  data-thumbnail=\"https:\/\/www.ucicmimarlik.com\/wp-content\/uploads\/2018\/05\/i\u00e7-mimar-\u00c7\u00f6z\u00fcm-ortag\u013110.jpg\"  title=\"i\u00e7 mimar \u00c7\u00f6z\u00fcm ortag\u013110\"  data-width=\"254\"  data-height=\"253\" ><\/div><div class=\"rbs-img-data-popup\"  data-popup=\"https:\/\/www.ucicmimarlik.com\/wp-content\/uploads\/2018\/05\/i\u00e7-mimar-\u00c7\u00f6z\u00fcm-ortag\u013110.jpg\"  title=\"i\u00e7 mimar \u00c7\u00f6z\u00fcm ortag\u013110\" ><\/div><div class=\"thumbnail-overlay\"><\/div><\/div><\/div><div class=\"rbs-img  category3613 \" ><div class=\"rbs-img-image   rbs-lightbox \" ><div class=\"rbs-img-thumbs\"  data-thumbnail=\"https:\/\/www.ucicmimarlik.com\/wp-content\/uploads\/2018\/05\/i\u00e7-mimar-\u00c7\u00f6z\u00fcm-ortag\u013112.jpg\"  title=\"i\u00e7 mimar \u00c7\u00f6z\u00fcm ortag\u013112\"  data-width=\"254\"  data-height=\"253\" ><\/div><div class=\"rbs-img-data-popup\"  data-popup=\"https:\/\/www.ucicmimarlik.com\/wp-content\/uploads\/2018\/05\/i\u00e7-mimar-\u00c7\u00f6z\u00fcm-ortag\u013112.jpg\"  title=\"i\u00e7 mimar \u00c7\u00f6z\u00fcm ortag\u013112\" ><\/div><div class=\"thumbnail-overlay\"><\/div><\/div><\/div><div class=\"rbs-img  category3613 \" ><div class=\"rbs-img-image   rbs-lightbox \" ><div class=\"rbs-img-thumbs\"  data-thumbnail=\"https:\/\/www.ucicmimarlik.com\/wp-content\/uploads\/2018\/05\/i\u00e7-mimar-\u00c7\u00f6z\u00fcm-ortag\u013113.jpg\"  title=\"i\u00e7 mimar \u00c7\u00f6z\u00fcm ortag\u013113\"  data-width=\"254\"  data-height=\"253\" ><\/div><div class=\"rbs-img-data-popup\"  data-popup=\"https:\/\/www.ucicmimarlik.com\/wp-content\/uploads\/2018\/05\/i\u00e7-mimar-\u00c7\u00f6z\u00fcm-ortag\u013113.jpg\"  title=\"i\u00e7 mimar \u00c7\u00f6z\u00fcm ortag\u013113\" ><\/div><div class=\"thumbnail-overlay\"><\/div><\/div><\/div><div class=\"rbs-img  category3613 \" ><div class=\"rbs-img-image   rbs-lightbox \" ><div class=\"rbs-img-thumbs\"  data-thumbnail=\"https:\/\/www.ucicmimarlik.com\/wp-content\/uploads\/2018\/05\/i\u00e7-mimar-\u00c7\u00f6z\u00fcm-ortag\u013114.jpg\"  title=\"i\u00e7 mimar \u00c7\u00f6z\u00fcm ortag\u013114\"  data-width=\"254\"  data-height=\"253\" ><\/div><div class=\"rbs-img-data-popup\"  data-popup=\"https:\/\/www.ucicmimarlik.com\/wp-content\/uploads\/2018\/05\/i\u00e7-mimar-\u00c7\u00f6z\u00fcm-ortag\u013114.jpg\"  title=\"i\u00e7 mimar \u00c7\u00f6z\u00fcm ortag\u013114\" ><\/div><div class=\"thumbnail-overlay\"><\/div><\/div><\/div><div class=\"rbs-img  category3613 \" ><div class=\"rbs-img-image   rbs-lightbox \" ><div class=\"rbs-img-thumbs\"  data-thumbnail=\"https:\/\/www.ucicmimarlik.com\/wp-content\/uploads\/2018\/05\/i\u00e7-mimar-\u00c7\u00f6z\u00fcm-ortag\u013115.jpg\"  title=\"i\u00e7 mimar \u00c7\u00f6z\u00fcm ortag\u013115\"  data-width=\"254\"  data-height=\"253\" ><\/div><div class=\"rbs-img-data-popup\"  data-popup=\"https:\/\/www.ucicmimarlik.com\/wp-content\/uploads\/2018\/05\/i\u00e7-mimar-\u00c7\u00f6z\u00fcm-ortag\u013115.jpg\"  title=\"i\u00e7 mimar \u00c7\u00f6z\u00fcm ortag\u013115\" ><\/div><div class=\"thumbnail-overlay\"><\/div><\/div><\/div><div class=\"rbs-img  category3613 \" ><div class=\"rbs-img-image   rbs-lightbox \" ><div class=\"rbs-img-thumbs\"  data-thumbnail=\"https:\/\/www.ucicmimarlik.com\/wp-content\/uploads\/2018\/05\/i\u00e7-mimar-\u00c7\u00f6z\u00fcm-ortag\u013116.jpg\"  title=\"i\u00e7 mimar \u00c7\u00f6z\u00fcm ortag\u013116\"  data-width=\"254\"  data-height=\"253\" ><\/div><div class=\"rbs-img-data-popup\"  data-popup=\"https:\/\/www.ucicmimarlik.com\/wp-content\/uploads\/2018\/05\/i\u00e7-mimar-\u00c7\u00f6z\u00fcm-ortag\u013116.jpg\"  title=\"i\u00e7 mimar \u00c7\u00f6z\u00fcm ortag\u013116\" ><\/div><div class=\"thumbnail-overlay\"><\/div><\/div><\/div><div class=\"rbs-img  category3613 \" ><div class=\"rbs-img-image   rbs-lightbox \" ><div class=\"rbs-img-thumbs\"  data-thumbnail=\"https:\/\/www.ucicmimarlik.com\/wp-content\/uploads\/2018\/05\/i\u00e7-mimar-\u00c7\u00f6z\u00fcm-ortag\u013117.jpg\"  title=\"i\u00e7 mimar \u00c7\u00f6z\u00fcm ortag\u013117\"  data-width=\"254\"  data-height=\"253\" ><\/div><div class=\"rbs-img-data-popup\"  data-popup=\"https:\/\/www.ucicmimarlik.com\/wp-content\/uploads\/2018\/05\/i\u00e7-mimar-\u00c7\u00f6z\u00fcm-ortag\u013117.jpg\"  title=\"i\u00e7 mimar \u00c7\u00f6z\u00fcm ortag\u013117\" ><\/div><div class=\"thumbnail-overlay\"><\/div><\/div><\/div><div class=\"rbs-img  category3613 \" ><div class=\"rbs-img-image   rbs-lightbox \" ><div class=\"rbs-img-thumbs\"  data-thumbnail=\"https:\/\/www.ucicmimarlik.com\/wp-content\/uploads\/2018\/05\/i\u00e7-mimar-\u00c7\u00f6z\u00fcm-ortag\u013118.jpg\"  title=\"i\u00e7 mimar \u00c7\u00f6z\u00fcm ortag\u013118\"  data-width=\"254\"  data-height=\"253\" ><\/div><div class=\"rbs-img-data-popup\"  data-popup=\"https:\/\/www.ucicmimarlik.com\/wp-content\/uploads\/2018\/05\/i\u00e7-mimar-\u00c7\u00f6z\u00fcm-ortag\u013118.jpg\"  title=\"i\u00e7 mimar \u00c7\u00f6z\u00fcm ortag\u013118\" ><\/div><div class=\"thumbnail-overlay\"><\/div><\/div><\/div><div class=\"rbs-img  category3613 \" ><div class=\"rbs-img-image   rbs-lightbox \" ><div class=\"rbs-img-thumbs\"  data-thumbnail=\"https:\/\/www.ucicmimarlik.com\/wp-content\/uploads\/2018\/05\/i\u00e7-mimar-\u00c7\u00f6z\u00fcm-ortag\u013119.jpg\"  title=\"i\u00e7 mimar \u00c7\u00f6z\u00fcm ortag\u013119\"  data-width=\"254\"  data-height=\"253\" ><\/div><div class=\"rbs-img-data-popup\"  data-popup=\"https:\/\/www.ucicmimarlik.com\/wp-content\/uploads\/2018\/05\/i\u00e7-mimar-\u00c7\u00f6z\u00fcm-ortag\u013119.jpg\"  title=\"i\u00e7 mimar \u00c7\u00f6z\u00fcm ortag\u013119\" ><\/div><div class=\"thumbnail-overlay\"><\/div><\/div><\/div><div class=\"rbs-img  category3613 \" ><div class=\"rbs-img-image   rbs-lightbox \" ><div class=\"rbs-img-thumbs\"  data-thumbnail=\"https:\/\/www.ucicmimarlik.com\/wp-content\/uploads\/2018\/05\/i\u00e7-mimar-\u00c7\u00f6z\u00fcm-ortag\u013120.jpg\"  title=\"i\u00e7 mimar \u00c7\u00f6z\u00fcm ortag\u013120\"  data-width=\"254\"  data-height=\"253\" ><\/div><div class=\"rbs-img-data-popup\"  data-popup=\"https:\/\/www.ucicmimarlik.com\/wp-content\/uploads\/2018\/05\/i\u00e7-mimar-\u00c7\u00f6z\u00fcm-ortag\u013120.jpg\"  title=\"i\u00e7 mimar \u00c7\u00f6z\u00fcm ortag\u013120\" ><\/div><div class=\"thumbnail-overlay\"><\/div><\/div><\/div><div class=\"rbs-img  category3613 \" ><div class=\"rbs-img-image   rbs-lightbox \" ><div class=\"rbs-img-thumbs\"  data-thumbnail=\"https:\/\/www.ucicmimarlik.com\/wp-content\/uploads\/2018\/05\/i\u00e7-mimar-\u00c7\u00f6z\u00fcm-ortag\u013121.jpg\"  title=\"i\u00e7 mimar \u00c7\u00f6z\u00fcm ortag\u013121\"  data-width=\"254\"  data-height=\"253\" ><\/div><div class=\"rbs-img-data-popup\"  data-popup=\"https:\/\/www.ucicmimarlik.com\/wp-content\/uploads\/2018\/05\/i\u00e7-mimar-\u00c7\u00f6z\u00fcm-ortag\u013121.jpg\"  title=\"i\u00e7 mimar \u00c7\u00f6z\u00fcm ortag\u013121\" ><\/div><div class=\"thumbnail-overlay\"><\/div><\/div><\/div><\/div><\/div><\/div><script>var rbs_gallery_69f434ece66a8 = {\"version\":\"3.2.24\",\"id\":3613,\"class\":\"id3613\",\"roboGalleryDelay\":1000,\"mainContainer\":\"#robo_gallery_main_block_rbs_gallery_69f434ece66a8\",\"loadingContainer\":\"#rbs_gallery_69f434ece66a8-block-loader\",\"loadingContainerObj\":\"rbs_gallery_69f434ece66a8-block-loader\",\"columnWidth\":\"auto\",\"columns\":5,\"resolutions\":[{\"columnWidth\":\"auto\",\"columns\":5,\"maxWidth\":960},{\"columnWidth\":\"auto\",\"columns\":3,\"maxWidth\":650},{\"columnWidth\":\"auto\",\"columns\":2,\"maxWidth\":450}],\"touchRtl\":true,\"hideTitle\":true,\"lightboxOptions\":{\"gallery\":{\"enabled\":true,\"tCounter\":\"%curr% of %total%\"}},\"overlayEffect\":\"direction-aware-fade\",\"boxesToLoadStart\":25,\"boxesToLoad\":25,\"LoadingWord\":\"Loading...\",\"loadMoreWord\":\"Load More\",\"noMoreEntriesWord\":\"No More Entries\",\"horizontalSpaceBetweenBoxes\":15,\"verticalSpaceBetweenBoxes\":15,\"lazyLoad\":0,\"wrapContainer\":\"#robo-gallery-wrap-rbs_gallery_69f434ece66a8\"};<\/script><\/div>\n<p>[\/vc_column_text][\/vc_column][\/vc_row]<\/p>","protected":false},"excerpt":{"rendered":"<p>[vc_row][vc_column][vc_column_text] Sizide Aram\u0131zda G\u00f6rmekten Mutluluk Duyar\u0131z [\/vc_column_text][\/vc_column][\/vc_row][vc_row css=&#8221;.vc_custom_1526823917008{padding-top: 20px !important;}&#8221;][vc_column][vc_column_text] [\/vc_column_text][\/vc_column][\/vc_row]<\/p>\n","protected":false},"author":1,"featured_media":0,"parent":0,"menu_order":0,"comment_status":"closed","ping_status":"closed","template":"","meta":[],"aioseo_notices":[],"_links":{"self":[{"href":"https:\/\/www.ucicmimarlik.com\/ar\/wp-json\/wp\/v2\/pages\/3584"}],"collection":[{"href":"https:\/\/www.ucicmimarlik.com\/ar\/wp-json\/wp\/v2\/pages"}],"about":[{"href":"https:\/\/www.ucicmimarlik.com\/ar\/wp-json\/wp\/v2\/types\/page"}],"author":[{"embeddable":true,"href":"https:\/\/www.ucicmimarlik.com\/ar\/wp-json\/wp\/v2\/users\/1"}],"replies":[{"embeddable":true,"href":"https:\/\/www.ucicmimarlik.com\/ar\/wp-json\/wp\/v2\/comments?post=3584"}],"version-history":[{"count":1,"href":"https:\/\/www.ucicmimarlik.com\/ar\/wp-json\/wp\/v2\/pages\/3584\/revisions"}],"predecessor-version":[{"id":8616,"href":"https:\/\/www.ucicmimarlik.com\/ar\/wp-json\/wp\/v2\/pages\/3584\/revisions\/8616"}],"wp:attachment":[{"href":"https:\/\/www.ucicmimarlik.com\/ar\/wp-json\/wp\/v2\/media?parent=3584"}],"curies":[{"name":"wp","href":"https:\/\/api.w.org\/{rel}","templated":true}]}}